{"id":5,"date":"2025-04-06T18:17:11","date_gmt":"2025-04-06T18:17:11","guid":{"rendered":"http:\/\/ekneginec.com.hr\/?page_id=5"},"modified":"2025-04-06T18:17:11","modified_gmt":"2025-04-06T18:17:11","slug":"politika-privatnosti-ekneginec","status":"publish","type":"page","link":"https:\/\/ekneginec.com.hr\/?page_id=5","title":{"rendered":"Politika privatnosti &#8211; eKneginec"},"content":{"rendered":"\n<p>Politika privatnosti<br>Ova se politika privatnosti odnosi na aplikaciju eKneginec (u daljnjem tekstu &#8220;Aplikacija&#8221;) za mobilne ure\u0111aje koju je izradio BAMANET (u daljnjem tekstu &#8220;Pru\u017eatelj usluga&#8221;) kao besplatnu uslugu. Ova je usluga namijenjena za kori\u0161tenje &#8220;KAKVA JEST&#8221;.<\/p>\n\n\n\n<p>Prikupljanje i kori\u0161tenje informacija<br>Aplikacija prikuplja informacije kada je preuzmete i koristite. Ove informacije mogu uklju\u010divati \u200b\u200binformacije kao \u0161to su<\/p>\n\n\n\n<p>Adresa internetskog protokola va\u0161eg ure\u0111aja (npr. IP adresa)<br>Stranice Aplikacije koje posje\u0107ujete, vrijeme i datum va\u0161eg posjeta, vrijeme provedeno na tim stranicama<br>Vrijeme provedeno na aplikaciji<br>Operativni sustav koji koristite na svom mobilnom ure\u0111aju<\/p>\n\n\n\n<p>Aplikacija ne prikuplja precizne podatke o lokaciji va\u0161eg mobilnog ure\u0111aja.<\/p>\n\n\n\n<p>Pru\u017eatelj usluga mo\u017ee koristiti podatke koje ste dali kako bi vas povremeno kontaktirao kako bi vam pru\u017eio va\u017ene informacije, potrebne obavijesti i marketin\u0161ke promocije.<\/p>\n\n\n\n<p>Za bolje iskustvo, tijekom kori\u0161tenja Aplikacije, Davatelj usluga mo\u017ee zahtijevati da nam dostavite odre\u0111ene osobne podatke. Podaci koje Davatelj usluga zatra\u017ei \u0107e zadr\u017eati i koristiti kako je opisano u ovoj politici privatnosti.<\/p>\n\n\n\n<p>Pristup tre\u0107e strane<br>Samo skupni, anonimizirani podaci povremeno se prenose vanjskim uslugama kako bi se Davatelju usluga pomoglo u pobolj\u0161anju Aplikacije i njihove usluge. Pru\u017eatelj usluga mo\u017ee dijeliti va\u0161e podatke s tre\u0107im stranama na na\u010dine opisane u ovoj izjavi o privatnosti.<\/p>\n\n\n\n<p>Imajte na umu da Aplikacija koristi usluge tre\u0107ih strana koje imaju vlastitu Politiku privatnosti o rukovanju podacima. U nastavku su poveznice na Pravila privatnosti davatelja usluga tre\u0107ih strana koje koristi Aplikacija:<\/p>\n\n\n\n<p>Google Play usluge<\/p>\n\n\n\n<p>Davatelj usluga mo\u017ee otkriti informacije koje je korisnik dao i automatski prikupljene:<\/p>\n\n\n\n<p>prema zakonu, kao \u0161to je udovoljavanje sudskom pozivu ili sli\u010dnom pravnom postupku;<br>kada vjeruju u dobroj vjeri da je otkrivanje potrebno za za\u0161titu njihovih prava, za\u0161titu va\u0161e sigurnosti ili sigurnosti drugih, istra\u017eivanje prijevare ili odgovor na zahtjev vlade;<br>sa svojim pouzdanim pru\u017eateljima usluga koji rade u njihovo ime, nemaju neovisnu upotrebu informacija koje im otkrivamo i pristali su se pridr\u017eavati pravila navedenih u ovoj izjavi o privatnosti.<\/p>\n\n\n\n<p>Prava isklju\u010divanja<br>Mo\u017eete jednostavno zaustaviti prikupljanje podataka od strane aplikacije tako da je deinstalirate. Mo\u017eete koristiti standardne procese deinstalacije koji mogu biti dostupni kao dio va\u0161eg mobilnog ure\u0111aja ili putem tr\u017ei\u0161ta mobilnih aplikacija ili mre\u017ee.<\/p>\n\n\n\n<p>Politika zadr\u017eavanja podataka<br>Pru\u017eatelj usluga \u0107e zadr\u017eati podatke koje daje korisnik sve dok koristite aplikaciju i razumno vrijeme nakon toga. Ako \u017eelite da izbri\u0161u korisni\u010dke podatke koje ste dostavili putem aplikacije, kontaktirajte ih na miroslav.bubnjaric@gmail.com i oni \u0107e vam odgovoriti u razumnom roku.<\/p>\n\n\n\n<p>Djeca<br>Pru\u017eatelj usluge ne koristi Aplikaciju za svjesno prikupljanje podataka od djece mla\u0111e od 13 godina niti za reklamiranje djeci.<\/p>\n\n\n\n<p>Aplikacija se ne obra\u0107a nikome mla\u0111em od 13 godina. Pru\u017eatelj usluga ne prikuplja svjesno osobne podatke od djece mla\u0111e od 13 godina. U slu\u010daju da Davatelj usluga otkrije da je dijete mla\u0111e od 13 godina dalo osobne podatke, Davatelj usluga \u0107e ih odmah izbrisati sa svojih poslu\u017eitelja. Ukoliko ste roditelj ili skrbnik i znate da nam je Va\u0161e dijete dostavilo osobne podatke, obratite se Pru\u017eatelju usluge (miroslav.bubnjaric@gmail.com) kako bi on mogao poduzeti potrebne radnje.<\/p>\n\n\n\n<p>Sigurnost<br>Davatelj usluga brine o za\u0161titi povjerljivosti va\u0161ih podataka. Davatelj usluga pru\u017ea fizi\u010dke, elektroni\u010dke i proceduralne za\u0161titne mjere za za\u0161titu informacija koje Davatelj usluga obra\u0111uje i odr\u017eava.<\/p>\n\n\n\n<p>Promjene<br>Ova Pravila privatnosti mogu se a\u017eurirati s vremena na vrijeme iz bilo kojeg razloga. Davatelj usluga \u0107e vas obavijestiti o svim promjenama Pravila privatnosti a\u017euriranjem ove stranice s novim Pravilima privatnosti. Savjetujemo vam da redovito provjeravate ovu Politiku privatnosti radi bilo kakvih promjena, budu\u0107i da se nastavak kori\u0161tenja smatra odobrenjem svih promjena.<\/p>\n\n\n\n<p>Ova pravila o privatnosti stupaju na snagu 4. sije\u010dnja 2025<\/p>\n\n\n\n<p>Va\u0161 pristanak<br>Kori\u0161tenjem aplikacije pristajete na obradu va\u0161ih podataka kako je sada navedeno u ovim Pravilima o privatnosti i kako smo ih izmijenili.<\/p>\n\n\n\n<p>Kontaktirajte nas<br>Ako imate bilo kakvih pitanja u vezi s privatno\u0161\u0107u tijekom kori\u0161tenja Aplikacije ili imate pitanja o praksi, obratite se Davatelju usluge putem e-po\u0161te na miroslav.bubnjaric@gmail.com.<\/p>\n\n\n\n<p>Ovu stranicu s pravilima o privatnosti generirao je App Privacy Policy Generator<\/p>\n","protected":false},"excerpt":{"rendered":"<p>Politika privatnostiOva se politika privatnosti odnosi na aplikaciju eKneginec (u daljnjem tekstu &#8220;Aplikacija&#8221;) za mobilne ure\u0111aje koju je izradio BAMANET (u daljnjem tekstu &#8220;Pru\u017eatelj usluga&#8221;) kao besplatnu uslugu. Ova je usluga namijenjena za kori\u0161tenje &#8220;KAKVA JEST&#8221;. Prikupljanje i kori\u0161tenje informacijaAplikacija prikuplja informacije kada je preuzmete i koristite. Ove informacije mogu uklju\u010divati \u200b\u200binformacije kao \u0161to su [&hellip;]<\/p>\n","protected":false},"author":1,"featured_media":0,"parent":0,"menu_order":0,"comment_status":"closed","ping_status":"closed","template":"","meta":{"footnotes":""},"class_list":["post-5","page","type-page","status-publish","hentry"],"_links":{"self":[{"href":"https:\/\/ekneginec.com.hr\/index.php?rest_route=\/wp\/v2\/pages\/5","targetHints":{"allow":["GET"]}}],"collection":[{"href":"https:\/\/ekneginec.com.hr\/index.php?rest_route=\/wp\/v2\/pages"}],"about":[{"href":"https:\/\/ekneginec.com.hr\/index.php?rest_route=\/wp\/v2\/types\/page"}],"author":[{"embeddable":true,"href":"https:\/\/ekneginec.com.hr\/index.php?rest_route=\/wp\/v2\/users\/1"}],"replies":[{"embeddable":true,"href":"https:\/\/ekneginec.com.hr\/index.php?rest_route=%2Fwp%2Fv2%2Fcomments&post=5"}],"version-history":[{"count":1,"href":"https:\/\/ekneginec.com.hr\/index.php?rest_route=\/wp\/v2\/pages\/5\/revisions"}],"predecessor-version":[{"id":8,"href":"https:\/\/ekneginec.com.hr\/index.php?rest_route=\/wp\/v2\/pages\/5\/revisions\/8"}],"wp:attachment":[{"href":"https:\/\/ekneginec.com.hr\/index.php?rest_route=%2Fwp%2Fv2%2Fmedia&parent=5"}],"curies":[{"name":"wp","href":"https:\/\/api.w.org\/{rel}","templated":true}]}}